{"id":148,"date":"2025-10-30T08:23:20","date_gmt":"2025-10-30T08:23:20","guid":{"rendered":"https:\/\/hymproduction.com.tr\/online\/?post_type=product&#038;p=148"},"modified":"2026-02-27T09:20:56","modified_gmt":"2026-02-27T09:20:56","slug":"1-yillik-dijital-reklam-paketi","status":"publish","type":"product","link":"https:\/\/hymproduction.com.tr\/online\/product\/1-yillik-dijital-reklam-paketi\/","title":{"rendered":"1 Y\u0131ll\u0131k Dijital Reklam Paketi"},"content":{"rendered":"<p data-start=\"503\" data-end=\"893\">1 Y\u0131ll\u0131k Reklam Paketi, i\u015fletmenizin dijitalde ilk ad\u0131m\u0131n\u0131 atmas\u0131 i\u00e7in en uygun \u00e7\u00f6z\u00fcmd\u00fcr.<br data-start=\"613\" data-end=\"616\" \/>\u0130\u015fletmenizin <strong data-start=\"629\" data-end=\"702\">ad\u0131, adresi, telefon numaras\u0131, kategori bilgisi ve anahtar kelimeleri<\/strong> \u00f6zel olarak optimize edilerek y\u00fcksek arama hacmine sahip bir web sitesine kaydedilir.<br data-start=\"788\" data-end=\"791\" \/>Bu sayede potansiyel m\u00fc\u015fteriler sizi arad\u0131\u011f\u0131nda, markan\u0131z Google aramalar\u0131nda \u00fcst s\u0131ralarda g\u00f6r\u00fcn\u00fcr.<\/p>\n<p data-start=\"895\" data-end=\"1090\"><strong data-start=\"895\" data-end=\"909\">Faydalar\u0131:<\/strong><br data-start=\"909\" data-end=\"912\" \/>\u2705 1 y\u0131l boyunca kesintisiz g\u00f6r\u00fcn\u00fcrl\u00fck<br data-start=\"949\" data-end=\"952\" \/>\u2705 Google uyumlu anahtar kelime kayd\u0131<br data-start=\"988\" data-end=\"991\" \/>\u2705 Aramalarda daha fazla m\u00fc\u015fteri eri\u015fimi<br data-start=\"1030\" data-end=\"1033\" \/>\u2705 Ekstra maliyet olmadan temel dijital varl\u0131k olu\u015fturma<\/p>\n<p data-start=\"1092\" data-end=\"1159\"><strong data-start=\"1092\" data-end=\"1102\">Uygun:<\/strong> Yeni a\u00e7\u0131lan i\u015fletmeler, yerel esnaflar, butik markalar<\/p>\n","protected":false},"excerpt":{"rendered":"<p>\u0130\u015fletmenizi 1 y\u0131l boyunca arama sonu\u00e7lar\u0131nda g\u00f6r\u00fcn\u00fcr k\u0131lan temel reklam paketi.<br data-start=\"417\" data-end=\"420\" \/>Google uyumlu anahtar kelimelerle markan\u0131z\u0131n dijitalde ke\u015ffedilmesini sa\u011flay\u0131n.<\/p>\n","protected":false},"featured_media":147,"comment_status":"open","ping_status":"closed","template":"","meta":[],"product_brand":[],"product_cat":[22],"product_tag":[],"class_list":{"0":"post-148","1":"product","2":"type-product","3":"status-publish","4":"has-post-thumbnail","6":"product_cat-reklam","7":"entry","9":"first","10":"instock","11":"sale","12":"taxable","13":"shipping-taxable","14":"purchasable","15":"product-type-simple"},"_links":{"self":[{"href":"https:\/\/hymproduction.com.tr\/online\/wp-json\/wp\/v2\/product\/148","targetHints":{"allow":["GET"]}}],"collection":[{"href":"https:\/\/hymproduction.com.tr\/online\/wp-json\/wp\/v2\/product"}],"about":[{"href":"https:\/\/hymproduction.com.tr\/online\/wp-json\/wp\/v2\/types\/product"}],"replies":[{"embeddable":true,"href":"https:\/\/hymproduction.com.tr\/online\/wp-json\/wp\/v2\/comments?post=148"}],"wp:featuredmedia":[{"embeddable":true,"href":"https:\/\/hymproduction.com.tr\/online\/wp-json\/wp\/v2\/media\/147"}],"wp:attachment":[{"href":"https:\/\/hymproduction.com.tr\/online\/wp-json\/wp\/v2\/media?parent=148"}],"wp:term":[{"taxonomy":"product_brand","embeddable":true,"href":"https:\/\/hymproduction.com.tr\/online\/wp-json\/wp\/v2\/product_brand?post=148"},{"taxonomy":"product_cat","embeddable":true,"href":"https:\/\/hymproduction.com.tr\/online\/wp-json\/wp\/v2\/product_cat?post=148"},{"taxonomy":"product_tag","embeddable":true,"href":"https:\/\/hymproduction.com.tr\/online\/wp-json\/wp\/v2\/product_tag?post=148"}],"curies":[{"name":"wp","href":"https:\/\/api.w.org\/{rel}","templated":true}]}}